{"id":5358,"date":"2020-10-21T10:42:41","date_gmt":"2020-10-21T02:42:41","guid":{"rendered":"https:\/\/www.alastri.com\/termes-et-conditions\/"},"modified":"2020-10-21T10:42:41","modified_gmt":"2020-10-21T02:42:41","slug":"termes-et-conditions","status":"publish","type":"page","link":"https:\/\/www.alastri.com\/fr\/termes-et-conditions\/","title":{"rendered":"Termes et Conditions"},"content":{"rendered":"\t\t<div data-elementor-type=\"wp-page\" data-elementor-id=\"5358\" class=\"elementor elementor-5358 elementor-2103\">\n\t\t\t\t\t\t<div class=\"elementor-inner\">\n\t\t\t\t<div class=\"elementor-section-wrap\">\n\t\t\t\t\t\t\t\t\t<section class=\"elementor-section elementor-top-section elementor-element elementor-element-7d00d29 elementor-section-height-min-height elementor-section-full_width elementor-section-items-stretch elementor-section-height-default\" data-id=\"7d00d29\" data-element_type=\"section\" data-settings=\"{&quot;background_background&quot;:&quot;classic&quot;}\">\n\t\t\t\t\t\t\t<div class=\"elementor-background-overlay\"><\/div>\n\t\t\t\t\t\t\t<div class=\"elementor-container elementor-column-gap-default\">\n\t\t\t\t\t\t\t<div class=\"elementor-row\">\n\t\t\t\t\t<div class=\"elementor-column elementor-col-50 elementor-top-column elementor-element elementor-element-96c1700\" data-id=\"96c1700\" data-element_type=\"column\">\n\t\t\t<div class=\"elementor-column-wrap elementor-element-populated\">\n\t\t\t\t\t\t\t<div class=\"elementor-widget-wrap\">\n\t\t\t\t\t\t<div class=\"elementor-element elementor-element-3cc903a elementor-invisible elementor-widget elementor-widget-heading\" data-id=\"3cc903a\" data-element_type=\"widget\" data-settings=\"{&quot;_animation&quot;:&quot;fadeIn&quot;,&quot;_animation_delay&quot;:0}\" data-widget_type=\"heading.default\">\n\t\t\t\t<div class=\"elementor-widget-container\">\n\t\t\t<h1 class=\"elementor-heading-title elementor-size-default\">Termes et Conditions<\/h1>\t\t<\/div>\n\t\t\t\t<\/div>\n\t\t\t\t\t\t<\/div>\n\t\t\t\t\t<\/div>\n\t\t<\/div>\n\t\t\t\t<div class=\"elementor-column elementor-col-50 elementor-top-column elementor-element elementor-element-8a1ce04 elementor-hidden-phone\" data-id=\"8a1ce04\" data-element_type=\"column\" data-settings=\"{&quot;background_background&quot;:&quot;classic&quot;}\">\n\t\t\t<div class=\"elementor-column-wrap\">\n\t\t\t\t\t\t\t<div class=\"elementor-widget-wrap\">\n\t\t\t\t\t\t\t\t<\/div>\n\t\t\t\t\t<\/div>\n\t\t<\/div>\n\t\t\t\t\t\t\t\t<\/div>\n\t\t\t\t\t<\/div>\n\t\t<\/section>\n\t\t\t\t<section class=\"elementor-section elementor-top-section elementor-element elementor-element-25bfdf2 elementor-section-boxed elementor-section-height-default elementor-section-height-default\" data-id=\"25bfdf2\" data-element_type=\"section\">\n\t\t\t\t\t\t<div class=\"elementor-container elementor-column-gap-default\">\n\t\t\t\t\t\t\t<div class=\"elementor-row\">\n\t\t\t\t\t<div class=\"elementor-column elementor-col-100 elementor-top-column elementor-element elementor-element-72b71db\" data-id=\"72b71db\" data-element_type=\"column\">\n\t\t\t<div class=\"elementor-column-wrap elementor-element-populated\">\n\t\t\t\t\t\t\t<div class=\"elementor-widget-wrap\">\n\t\t\t\t\t\t<div class=\"elementor-element elementor-element-c848193 elementor-widget elementor-widget-text-editor\" data-id=\"c848193\" data-element_type=\"widget\" data-widget_type=\"text-editor.default\">\n\t\t\t\t<div class=\"elementor-widget-container\">\n\t\t\t\t\t\t\t\t<div class=\"elementor-text-editor elementor-clearfix\">\n\t\t\t\t<p>En acc\u00e9dant \u00e0 ce site Web, vous acceptez d&rsquo;\u00eatre li\u00e9 par les pr\u00e9sentes Conditions g\u00e9n\u00e9rales d&rsquo;utilisation du site Web, toutes les lois et r\u00e9glementations applicables, et acceptez que vous \u00eates responsable du respect des lois locales applicables. Si vous n&rsquo;\u00eates pas d&rsquo;accord avec l&rsquo;une de ces conditions, il vous est interdit d&rsquo;utiliser ou d&rsquo;acc\u00e9der \u00e0 ce site. Le mat\u00e9riel contenu dans ce site Web est prot\u00e9g\u00e9 par le droit d&rsquo;auteur et le droit des marques en vigueur.<\/p>\n<p>&nbsp;<\/p>\n<p><strong>Utiliser la licence<\/strong><\/p>\n<p>i. L\u2019autorisation est accord\u00e9e de t\u00e9l\u00e9charger temporairement les documents accessibles au public sur le site Web d\u2019Alastri. Il s&rsquo;agit de l&rsquo;octroi d&rsquo;une licence, pas d&rsquo;un transfert de titre, et sous cette licence, vous ne pouvez pas:<\/p>\n<p style=\"padding-left: 40px;\">a. modifier les mat\u00e9riaux ou redistribuer les mat\u00e9riaux;<\/p>\n<p style=\"padding-left: 40px;\">b. utiliser le mat\u00e9riel pour toute exposition publique;<\/p>\n<p style=\"padding-left: 40px;\">c. tenter de d\u00e9compiler ou de d\u00e9sosser tout logiciel contenu sur le site Web d\u2019Alastri;<\/p>\n<p style=\"padding-left: 40px;\">d. supprimer tout droit d&rsquo;auteur ou autres notations de propri\u00e9t\u00e9 du mat\u00e9riel; ou<\/p>\n<p style=\"padding-left: 40px;\">e. transf\u00e9rer les documents \u00e0 une autre personne ou \u00abreproduire\u00bb les documents sur tout autre serveur.<\/p>\n<p>ii. Cette licence prend fin automatiquement si vous enfreignez l&rsquo;une de ces restrictions et peut \u00eatre r\u00e9sili\u00e9e par Alastri \u00e0 tout moment. \u00c0 la fin de votre consultation de ces documents ou \u00e0 la r\u00e9siliation de cette licence, vous devez d\u00e9truire tout mat\u00e9riel t\u00e9l\u00e9charg\u00e9 en votre possession, que ce soit sous forme \u00e9lectronique ou imprim\u00e9e.<\/p>\n<p>&nbsp;<\/p>\n<p><strong>Avertissement<\/strong><\/p>\n<p>Les documents sur le site Web d&rsquo;Alastri sont fournis \u00abtels quels\u00bb. Alastri ne donne aucune garantie, expresse ou implicite, et rejette et annule par la pr\u00e9sente toutes les autres garanties, y compris, sans limitation, les garanties ou conditions implicites de qualit\u00e9 marchande, d&rsquo;ad\u00e9quation \u00e0 un usage particulier ou de non-violation de la propri\u00e9t\u00e9 intellectuelle ou autre violation des droits. En outre, Alastri ne garantit ni ne fait aucune d\u00e9claration concernant l&rsquo;exactitude, les r\u00e9sultats probables ou la fiabilit\u00e9 de l&rsquo;utilisation des documents sur son site Web Internet ou autrement li\u00e9s \u00e0 ces mat\u00e9riaux ou sur tout site li\u00e9 \u00e0 ce site.<\/p>\n<p>&nbsp;<\/p>\n<p><strong>Limites<\/strong><\/p>\n<p>En aucun cas, Alastri ou ses fournisseurs ne pourront \u00eatre tenus responsables de tout dommage (y compris, sans limitation, les dommages pour perte de donn\u00e9es ou de profit, ou en raison d&rsquo;une interruption d&rsquo;activit\u00e9,) r\u00e9sultant de l&rsquo;utilisation ou de l&rsquo;incapacit\u00e9 d&rsquo;utiliser le mat\u00e9riel sur le site Internet d&rsquo;Alastri, m\u00eame si Alastri ou un repr\u00e9sentant autoris\u00e9 d&rsquo;Alastri a \u00e9t\u00e9 inform\u00e9 oralement ou par \u00e9crit de la possibilit\u00e9 d&rsquo;un tel dommage. \u00c9tant donn\u00e9 que certaines juridictions n&rsquo;autorisent pas les limitations des garanties implicites ou les limitations de responsabilit\u00e9 pour les dommages cons\u00e9cutifs ou accessoires, ces limitations peuvent ne pas s&rsquo;appliquer \u00e0 vous.<\/p>\n<p><strong>\u00a0<\/strong><\/p>\n<p><strong>R\u00e9visions et errata<\/strong><\/p>\n<p>Les \u00e9l\u00e9ments figurant sur le site Web d\u2019Alastri peuvent inclure des erreurs techniques, typographiques ou photographiques. Alastri ne garantit pas que les \u00e9l\u00e9ments de son site Web sont exacts, complets ou \u00e0 jour. Alastri peut apporter des modifications aux \u00e9l\u00e9ments contenus sur son site Web \u00e0 tout moment et sans pr\u00e9avis. Cependant, Alastri ne prend aucun engagement de mettre \u00e0 jour les mat\u00e9riaux.<\/p>\n<p>&nbsp;<\/p>\n<p><strong>Liens<\/strong><\/p>\n<p>Alastri n&rsquo;a pas examin\u00e9 tous les sites li\u00e9s \u00e0 son site Web Internet et n&rsquo;est pas responsable du contenu de ces sites li\u00e9s. L&rsquo;inclusion de tout lien n&rsquo;implique pas l&rsquo;approbation par Alastri du site. L\u2019utilisation d\u2019un tel site Web li\u00e9 est aux risques et p\u00e9rils de l\u2019utilisateur.<\/p>\n<p>&nbsp;<\/p>\n<p><strong>Modifications des conditions d&rsquo;utilisation du site<\/strong><\/p>\n<p>Alastri peut r\u00e9viser ces conditions d&rsquo;utilisation de son site Web \u00e0 tout moment sans pr\u00e9avis. En utilisant ce site Web, vous acceptez d&rsquo;\u00eatre li\u00e9 par la version alors en vigueur de ces Termes et Conditions d&rsquo;Utilisation.<\/p>\n<p>&nbsp;<\/p>\n<p><strong>Loi applicable<\/strong><\/p>\n<p>Toute r\u00e9clamation relative au site Web d\u2019Alastri sera r\u00e9gie par les lois de l\u2019\u00c9tat d\u2019Australie-Occidentale sans \u00e9gard \u00e0 ses dispositions relatives aux conflits de lois.<\/p>\n<p>&nbsp;<\/p>\n<p>&nbsp;<\/p>\n<p>Ce document a \u00e9t\u00e9 mis \u00e0 jour pour la derni\u00e8re fois le 16 juillet 2020.<\/p>\n\t\t\t\t\t<\/div>\n\t\t\t\t\t\t<\/div>\n\t\t\t\t<\/div>\n\t\t\t\t\t\t<\/div>\n\t\t\t\t\t<\/div>\n\t\t<\/div>\n\t\t\t\t\t\t\t\t<\/div>\n\t\t\t\t\t<\/div>\n\t\t<\/section>\n\t\t\t\t\t\t\t\t\t<\/div>\n\t\t\t<\/div>\n\t\t\t\t\t<\/div>\n\t\t","protected":false},"excerpt":{"rendered":"<p>En acc\u00e9dant \u00e0 ce site Web, vous acceptez d&rsquo;\u00eatre li\u00e9 par les pr\u00e9sentes Conditions g\u00e9n\u00e9rales d&rsquo;utilisation du site Web, toutes les lois et r\u00e9glementations applicables, et acceptez que vous \u00eates responsable du respect des lois locales applicables. Si vous n&rsquo;\u00eates pas d&rsquo;accord avec l&rsquo;une de ces conditions, il vous est interdit d&rsquo;utiliser ou d&rsquo;acc\u00e9der \u00e0 [&hellip;]<\/p>\n","protected":false},"author":1,"featured_media":0,"parent":0,"menu_order":0,"comment_status":"closed","ping_status":"closed","template":"","meta":[],"yoast_head":"<!-- This site is optimized with the Yoast SEO plugin v20.3 - https:\/\/yoast.com\/wordpress\/plugins\/seo\/ -->\n<title>Termes et Conditions - Alastri Software<\/title>\n<meta name=\"robots\" content=\"noindex, nofollow\" \/>\n<meta property=\"og:locale\" content=\"fr_FR\" \/>\n<meta property=\"og:type\" content=\"article\" \/>\n<meta property=\"og:title\" content=\"Termes et Conditions - Alastri Software\" \/>\n<meta property=\"og:description\" content=\"En acc\u00e9dant \u00e0 ce site Web, vous acceptez d&rsquo;\u00eatre li\u00e9 par les pr\u00e9sentes Conditions g\u00e9n\u00e9rales d&rsquo;utilisation du site Web, toutes les lois et r\u00e9glementations applicables, et acceptez que vous \u00eates responsable du respect des lois locales applicables. Si vous n&rsquo;\u00eates pas d&rsquo;accord avec l&rsquo;une de ces conditions, il vous est interdit d&rsquo;utiliser ou d&rsquo;acc\u00e9der \u00e0 [&hellip;]\" \/>\n<meta property=\"og:url\" content=\"https:\/\/www.alastri.com\/fr\/termes-et-conditions\/\" \/>\n<meta property=\"og:site_name\" content=\"Alastri Software\" \/>\n<meta name=\"twitter:card\" content=\"summary_large_image\" \/>\n<meta name=\"twitter:label1\" content=\"Dur\u00e9e de lecture estim\u00e9e\" \/>\n\t<meta name=\"twitter:data1\" content=\"3 minutes\" \/>\n<script type=\"application\/ld+json\" class=\"yoast-schema-graph\">{\"@context\":\"https:\/\/schema.org\",\"@graph\":[{\"@type\":\"WebPage\",\"@id\":\"https:\/\/www.alastri.com\/fr\/termes-et-conditions\/\",\"url\":\"https:\/\/www.alastri.com\/fr\/termes-et-conditions\/\",\"name\":\"Termes et Conditions - Alastri Software\",\"isPartOf\":{\"@id\":\"https:\/\/www.alastri.com\/#website\"},\"datePublished\":\"2020-10-21T02:42:41+00:00\",\"dateModified\":\"2020-10-21T02:42:41+00:00\",\"breadcrumb\":{\"@id\":\"https:\/\/www.alastri.com\/fr\/termes-et-conditions\/#breadcrumb\"},\"inLanguage\":\"fr-FR\",\"potentialAction\":[{\"@type\":\"ReadAction\",\"target\":[\"https:\/\/www.alastri.com\/fr\/termes-et-conditions\/\"]}]},{\"@type\":\"BreadcrumbList\",\"@id\":\"https:\/\/www.alastri.com\/fr\/termes-et-conditions\/#breadcrumb\",\"itemListElement\":[{\"@type\":\"ListItem\",\"position\":1,\"name\":\"Home\",\"item\":\"https:\/\/www.alastri.com\/fr\/\"},{\"@type\":\"ListItem\",\"position\":2,\"name\":\"Termes et Conditions\"}]},{\"@type\":\"WebSite\",\"@id\":\"https:\/\/www.alastri.com\/#website\",\"url\":\"https:\/\/www.alastri.com\/\",\"name\":\"Alastri Software\",\"description\":\"Open-pit Mine Planning Software - Integrated, Intelligent, Intuitive\",\"potentialAction\":[{\"@type\":\"SearchAction\",\"target\":{\"@type\":\"EntryPoint\",\"urlTemplate\":\"https:\/\/www.alastri.com\/?s={search_term_string}\"},\"query-input\":\"required name=search_term_string\"}],\"inLanguage\":\"fr-FR\"}]}<\/script>\n<!-- \/ Yoast SEO plugin. -->","yoast_head_json":{"title":"Termes et Conditions - Alastri Software","robots":{"index":"noindex","follow":"nofollow"},"og_locale":"fr_FR","og_type":"article","og_title":"Termes et Conditions - Alastri Software","og_description":"En acc\u00e9dant \u00e0 ce site Web, vous acceptez d&rsquo;\u00eatre li\u00e9 par les pr\u00e9sentes Conditions g\u00e9n\u00e9rales d&rsquo;utilisation du site Web, toutes les lois et r\u00e9glementations applicables, et acceptez que vous \u00eates responsable du respect des lois locales applicables. Si vous n&rsquo;\u00eates pas d&rsquo;accord avec l&rsquo;une de ces conditions, il vous est interdit d&rsquo;utiliser ou d&rsquo;acc\u00e9der \u00e0 [&hellip;]","og_url":"https:\/\/www.alastri.com\/fr\/termes-et-conditions\/","og_site_name":"Alastri Software","twitter_card":"summary_large_image","twitter_misc":{"Dur\u00e9e de lecture estim\u00e9e":"3 minutes"},"schema":{"@context":"https:\/\/schema.org","@graph":[{"@type":"WebPage","@id":"https:\/\/www.alastri.com\/fr\/termes-et-conditions\/","url":"https:\/\/www.alastri.com\/fr\/termes-et-conditions\/","name":"Termes et Conditions - Alastri Software","isPartOf":{"@id":"https:\/\/www.alastri.com\/#website"},"datePublished":"2020-10-21T02:42:41+00:00","dateModified":"2020-10-21T02:42:41+00:00","breadcrumb":{"@id":"https:\/\/www.alastri.com\/fr\/termes-et-conditions\/#breadcrumb"},"inLanguage":"fr-FR","potentialAction":[{"@type":"ReadAction","target":["https:\/\/www.alastri.com\/fr\/termes-et-conditions\/"]}]},{"@type":"BreadcrumbList","@id":"https:\/\/www.alastri.com\/fr\/termes-et-conditions\/#breadcrumb","itemListElement":[{"@type":"ListItem","position":1,"name":"Home","item":"https:\/\/www.alastri.com\/fr\/"},{"@type":"ListItem","position":2,"name":"Termes et Conditions"}]},{"@type":"WebSite","@id":"https:\/\/www.alastri.com\/#website","url":"https:\/\/www.alastri.com\/","name":"Alastri Software","description":"Open-pit Mine Planning Software - Integrated, Intelligent, Intuitive","potentialAction":[{"@type":"SearchAction","target":{"@type":"EntryPoint","urlTemplate":"https:\/\/www.alastri.com\/?s={search_term_string}"},"query-input":"required name=search_term_string"}],"inLanguage":"fr-FR"}]}},"_links":{"self":[{"href":"https:\/\/www.alastri.com\/fr\/wp-json\/wp\/v2\/pages\/5358"}],"collection":[{"href":"https:\/\/www.alastri.com\/fr\/wp-json\/wp\/v2\/pages"}],"about":[{"href":"https:\/\/www.alastri.com\/fr\/wp-json\/wp\/v2\/types\/page"}],"author":[{"embeddable":true,"href":"https:\/\/www.alastri.com\/fr\/wp-json\/wp\/v2\/users\/1"}],"replies":[{"embeddable":true,"href":"https:\/\/www.alastri.com\/fr\/wp-json\/wp\/v2\/comments?post=5358"}],"version-history":[{"count":1,"href":"https:\/\/www.alastri.com\/fr\/wp-json\/wp\/v2\/pages\/5358\/revisions"}],"predecessor-version":[{"id":5359,"href":"https:\/\/www.alastri.com\/fr\/wp-json\/wp\/v2\/pages\/5358\/revisions\/5359"}],"wp:attachment":[{"href":"https:\/\/www.alastri.com\/fr\/wp-json\/wp\/v2\/media?parent=5358"}],"curies":[{"name":"wp","href":"https:\/\/api.w.org\/{rel}","templated":true}]}}