{"id":5351,"date":"2020-10-21T10:39:54","date_gmt":"2020-10-21T02:39:54","guid":{"rendered":"https:\/\/www.alastri.com\/politique-de-confidentialite\/"},"modified":"2020-10-21T10:39:54","modified_gmt":"2020-10-21T02:39:54","slug":"politique-de-confidentialite","status":"publish","type":"page","link":"https:\/\/www.alastri.com\/fr\/politique-de-confidentialite\/","title":{"rendered":"Politique de Confidentialit\u00e9"},"content":{"rendered":"\t\t<div data-elementor-type=\"wp-page\" data-elementor-id=\"5351\" class=\"elementor elementor-5351 elementor-2100\">\n\t\t\t\t\t\t<div class=\"elementor-inner\">\n\t\t\t\t<div class=\"elementor-section-wrap\">\n\t\t\t\t\t\t\t\t\t<section class=\"elementor-section elementor-top-section elementor-element elementor-element-7d00d29 elementor-section-height-min-height elementor-section-full_width elementor-section-items-stretch elementor-section-height-default\" data-id=\"7d00d29\" data-element_type=\"section\" data-settings=\"{&quot;background_background&quot;:&quot;classic&quot;}\">\n\t\t\t\t\t\t\t<div class=\"elementor-background-overlay\"><\/div>\n\t\t\t\t\t\t\t<div class=\"elementor-container elementor-column-gap-default\">\n\t\t\t\t\t\t\t<div class=\"elementor-row\">\n\t\t\t\t\t<div class=\"elementor-column elementor-col-50 elementor-top-column elementor-element elementor-element-96c1700\" data-id=\"96c1700\" data-element_type=\"column\">\n\t\t\t<div class=\"elementor-column-wrap elementor-element-populated\">\n\t\t\t\t\t\t\t<div class=\"elementor-widget-wrap\">\n\t\t\t\t\t\t<div class=\"elementor-element elementor-element-3cc903a elementor-invisible elementor-widget elementor-widget-heading\" data-id=\"3cc903a\" data-element_type=\"widget\" data-settings=\"{&quot;_animation&quot;:&quot;fadeIn&quot;,&quot;_animation_delay&quot;:0}\" data-widget_type=\"heading.default\">\n\t\t\t\t<div class=\"elementor-widget-container\">\n\t\t\t<h1 class=\"elementor-heading-title elementor-size-default\">Politique de Confidentialit\u00e9<\/h1>\t\t<\/div>\n\t\t\t\t<\/div>\n\t\t\t\t\t\t<\/div>\n\t\t\t\t\t<\/div>\n\t\t<\/div>\n\t\t\t\t<div class=\"elementor-column elementor-col-50 elementor-top-column elementor-element elementor-element-8a1ce04 elementor-hidden-phone\" data-id=\"8a1ce04\" data-element_type=\"column\" data-settings=\"{&quot;background_background&quot;:&quot;classic&quot;}\">\n\t\t\t<div class=\"elementor-column-wrap\">\n\t\t\t\t\t\t\t<div class=\"elementor-widget-wrap\">\n\t\t\t\t\t\t\t\t<\/div>\n\t\t\t\t\t<\/div>\n\t\t<\/div>\n\t\t\t\t\t\t\t\t<\/div>\n\t\t\t\t\t<\/div>\n\t\t<\/section>\n\t\t\t\t<section class=\"elementor-section elementor-top-section elementor-element elementor-element-25bfdf2 elementor-section-boxed elementor-section-height-default elementor-section-height-default\" data-id=\"25bfdf2\" data-element_type=\"section\">\n\t\t\t\t\t\t<div class=\"elementor-container elementor-column-gap-default\">\n\t\t\t\t\t\t\t<div class=\"elementor-row\">\n\t\t\t\t\t<div class=\"elementor-column elementor-col-100 elementor-top-column elementor-element elementor-element-72b71db\" data-id=\"72b71db\" data-element_type=\"column\">\n\t\t\t<div class=\"elementor-column-wrap elementor-element-populated\">\n\t\t\t\t\t\t\t<div class=\"elementor-widget-wrap\">\n\t\t\t\t\t\t<div class=\"elementor-element elementor-element-c848193 elementor-widget elementor-widget-text-editor\" data-id=\"c848193\" data-element_type=\"widget\" data-widget_type=\"text-editor.default\">\n\t\t\t\t<div class=\"elementor-widget-container\">\n\t\t\t\t\t\t\t\t<div class=\"elementor-text-editor elementor-clearfix\">\n\t\t\t\t<p>Cette politique de confidentialit\u00e9 r\u00e9git la mani\u00e8re dont Alastri recueille, utilise, conserve et divulgue les informations collect\u00e9es aupr\u00e8s des Utilisateurs (chacun, un \u00abutilisateur\u00bb) du Site Web <a href=\"http:\/\/www.alastri.com\">http:\/\/www.alastri.com<\/a> \u00a0(\u00abSite\u00bb). Cette politique de confidentialit\u00e9 s&rsquo;applique au Site et \u00e0 tous les produits et services propos\u00e9s par Alastri.<\/p>\n<p>&nbsp;<\/p>\n<p><strong>Informations d&rsquo;identification personnelle<\/strong><\/p>\n<p>Nous pouvons collecter des informations d&rsquo;identification personnelle aupr\u00e8s des Utilisateurs de diverses mani\u00e8res, y compris, mais sans s&rsquo;y limiter, lorsque les Utilisateurs visitent notre Site, s&rsquo;inscrivent sur le Site, remplissent un formulaire et\/ou en relation avec d&rsquo;autres activit\u00e9s, services, fonctionnalit\u00e9s ou ressources que nous mettons \u00e0 disposition sur notre Site. Les Utilisateurs peuvent \u00eatre invit\u00e9s \u00e0 fournir, le cas \u00e9ch\u00e9ant, leur nom, leur adresse e-mail, leur num\u00e9ro de t\u00e9l\u00e9phone. Les Utilisateurs peuvent cependant visiter notre Site de mani\u00e8re anonyme. Nous collecterons les informations d&rsquo;identification personnelle des Utilisateurs uniquement s&rsquo;ils nous soumettent volontairement ces informations. Les Utilisateurs peuvent toujours refuser de fournir des informations d&rsquo;identification personnelle, sauf que cela peut les emp\u00eacher de s&rsquo;engager dans certaines activit\u00e9s li\u00e9es au Site.<\/p>\n<p>&nbsp;<\/p>\n<p><strong>Informations d&rsquo;identification non personnelles<\/strong><\/p>\n<p>Nous pouvons collecter des informations d&rsquo;identification non personnelles sur les Utilisateurs chaque fois qu&rsquo;ils interagissent avec notre Site. Les informations d&rsquo;identification non personnelles peuvent inclure le nom du navigateur, le type d&rsquo;ordinateur et des informations techniques sur les moyens de connexion des Utilisateurs \u00e0 notre Site, tels que le syst\u00e8me d&rsquo;exploitation et les fournisseurs de services Internet utilis\u00e9s et d&rsquo;autres informations similaires.<\/p>\n<p>&nbsp;<\/p>\n<p><strong>Cookies de navigateur Web<\/strong><\/p>\n<p>Notre Site peut utiliser des \u00ab cookies \u00bb pour am\u00e9liorer l&rsquo;exp\u00e9rience utilisateur. Le navigateur Web de l&rsquo;utilisateur place des cookies sur son disque dur \u00e0 des fins de tenue de registres et parfois pour suivre les informations les concernant. L&rsquo;utilisateur peut choisir de configurer son navigateur Web pour refuser les cookies ou pour vous alerter lorsque des cookies sont envoy\u00e9s. S&rsquo;ils le font, notez que certaines parties du Site peuvent ne pas fonctionner correctement.<\/p>\n<p>&nbsp;<\/p>\n<p>&nbsp;<\/p>\n<p>&nbsp;<\/p>\n<p><strong>Comment nous utilisons les informations collect\u00e9es<\/strong><\/p>\n<p>&nbsp;<\/p>\n<p>Alastri peut collecter et utiliser les informations personnelles des Utilisateurs aux fins suivantes :<\/p>\n<p>&nbsp;<\/p>\n<ul>\n<li>Pour am\u00e9liorer le service client.<\/li>\n<li>Les informations que vous fournissez nous aident \u00e0 r\u00e9pondre plus efficacement \u00e0 vos demandes de service client et \u00e0 vos besoins d&rsquo;assistance.<\/li>\n<li>Pour personnaliser l&rsquo;exp\u00e9rience utilisateur.<\/li>\n<li>Nous pouvons utiliser les informations dans leur ensemble pour comprendre comment nos Utilisateurs en tant que groupe utilisent les services et les ressources fournis sur notre Site.<\/li>\n<li>Pour am\u00e9liorer notre Site.<\/li>\n<li>Nous pouvons utiliser les commentaires que vous fournissez pour am\u00e9liorer nos produits et services.<\/li>\n<li>Pour envoyer des e-mails p\u00e9riodiques.<\/li>\n<li>Nous pouvons utiliser l&rsquo;adresse e-mail pour envoyer des informations \u00e0 l&rsquo;utilisateur et des mises \u00e0 jour relatives \u00e0 sa commande. Il peut \u00e9galement \u00eatre utilis\u00e9 pour r\u00e9pondre \u00e0 leurs demandes, questions et \/ ou autres demandes. Si l&rsquo;utilisateur d\u00e9cide de s&rsquo;inscrire \u00e0 notre liste de diffusion, il recevra des e-mails pouvant inclure des nouvelles de l&rsquo;entreprise, des mises \u00e0 jour, des informations sur les produits ou services connexes, etc. les instructions de d\u00e9sabonnement au bas de chaque e-mail.<\/li>\n<\/ul>\n<p>&nbsp;<\/p>\n<p><strong>Comment nous prot\u00e9geons vos informations<\/strong><\/p>\n<p>Nous adoptons des pratiques appropri\u00e9es de collecte, de stockage et de traitement des donn\u00e9es et des mesures de s\u00e9curit\u00e9 pour nous prot\u00e9ger contre l&rsquo;acc\u00e8s, la modification, la divulgation ou la destruction non autoris\u00e9s de vos informations personnelles, nom d&rsquo;utilisateur, mot de passe, informations de transaction et donn\u00e9es stock\u00e9es sur notre Site.<\/p>\n<p>&nbsp;<\/p>\n<p><strong>Partage de vos informations personnelles<\/strong><\/p>\n<p>Nous ne vendons, n&rsquo;\u00e9changeons ni ne louons les informations d&rsquo;identification personnelle des Utilisateurs \u00e0 des tiers.<\/p>\n<p>&nbsp;<\/p>\n<p><strong>Sites Web tiers<\/strong><\/p>\n<p>Les Utilisateurs peuvent trouver des liens sur notre Site vers des Sites d&rsquo;autres tiers. Nous ne contr\u00f4lons pas le contenu ou les liens qui apparaissent sur ces Sites et ne sommes pas responsables des pratiques employ\u00e9es par les Sites web li\u00e9s \u00e0 ou \u00e0 partir de notre Site. De plus, ces Sites ou services, y compris leur contenu et leurs liens, peuvent \u00eatre en constante \u00e9volution. Ces Sites et services peuvent avoir leurs propres politiques de confidentialit\u00e9 et politiques de service client. La navigation et les interactions sur tout autre Site web, y compris les Sites web qui ont un lien vers notre Site, sont soumises aux propres conditions et politiques de ce Site web.<\/p>\n<p>&nbsp;<\/p>\n<p><strong>Modifications de cette politique de confidentialit\u00e9<\/strong><\/p>\n<p>Alastri a le pouvoir discr\u00e9tionnaire de mettre \u00e0 jour cette politique de confidentialit\u00e9 \u00e0 tout moment. Lorsque nous le ferons, nous r\u00e9viserons la date de mise \u00e0 jour au bas de cette page. Nous encourageons les Utilisateurs \u00e0 consulter fr\u00e9quemment cette page pour tout changement afin de rester inform\u00e9 de la mani\u00e8re dont nous contribuons \u00e0 prot\u00e9ger les informations personnelles que nous collectons. Vous reconnaissez et acceptez qu&rsquo;il est de votre responsabilit\u00e9 de revoir p\u00e9riodiquement cette politique de confidentialit\u00e9 et de prendre connaissance des modifications.<\/p>\n<p>&nbsp;<\/p>\n<p><strong>Votre acceptation de ces conditions<\/strong><\/p>\n<p>En utilisant ce site, vous signifiez votre acceptation de cette politique. Si vous n&rsquo;acceptez pas cette politique, veuillez ne pas utiliser notre Site. Votre utilisation continue du Site apr\u00e8s la publication des modifications de cette politique sera consid\u00e9r\u00e9e comme votre acceptation de ces modifications.<\/p>\n<p>&nbsp;<\/p>\n<p><strong>Contactez-nous<\/strong><\/p>\n<p>Si vous avez des questions concernant cette politique de confidentialit\u00e9, les pratiques de ce Site ou vos relations avec ce Site, veuillez nous contacter\u00a0:<\/p>\n<p>&nbsp;<\/p>\n<p>Alastri<\/p>\n<p>http:\/\/www.alastri.com.au<\/p>\n<p>Niveau 13, 191 St Georges Tce<\/p>\n<p>Perth WA 6000<\/p>\n<p>Australie<\/p>\n<p>&nbsp;<\/p>\n<p>Ce document a \u00e9t\u00e9 mis \u00e0 jour pour la derni\u00e8re fois le 16 juillet 2020.<\/p>\n\t\t\t\t\t<\/div>\n\t\t\t\t\t\t<\/div>\n\t\t\t\t<\/div>\n\t\t\t\t\t\t<\/div>\n\t\t\t\t\t<\/div>\n\t\t<\/div>\n\t\t\t\t\t\t\t\t<\/div>\n\t\t\t\t\t<\/div>\n\t\t<\/section>\n\t\t\t\t\t\t\t\t\t<\/div>\n\t\t\t<\/div>\n\t\t\t\t\t<\/div>\n\t\t","protected":false},"excerpt":{"rendered":"<p>Politique de Confidentialit\u00e9 Cette politique de confidentialit\u00e9 r\u00e9git la mani\u00e8re dont Alastri recueille, utilise, conserve et divulgue les informations collect\u00e9es aupr\u00e8s des Utilisateurs (chacun, un \u00abutilisateur\u00bb) du Site Web http:\/\/www.alastri.com \u00a0(\u00abSite\u00bb). Cette politique de confidentialit\u00e9 s&rsquo;applique au Site et \u00e0 tous les produits et services propos\u00e9s par Alastri. &nbsp; Informations d&rsquo;identification personnelle Nous pouvons collecter [&hellip;]<\/p>\n","protected":false},"author":1,"featured_media":0,"parent":0,"menu_order":0,"comment_status":"closed","ping_status":"closed","template":"","meta":[],"yoast_head":"<!-- This site is optimized with the Yoast SEO plugin v20.3 - https:\/\/yoast.com\/wordpress\/plugins\/seo\/ -->\n<title>Politique de Confidentialit\u00e9 - Alastri Software<\/title>\n<meta name=\"robots\" content=\"noindex, nofollow\" \/>\n<meta property=\"og:locale\" content=\"fr_FR\" \/>\n<meta property=\"og:type\" content=\"article\" \/>\n<meta property=\"og:title\" content=\"Politique de Confidentialit\u00e9 - Alastri Software\" \/>\n<meta property=\"og:description\" content=\"Politique de Confidentialit\u00e9 Cette politique de confidentialit\u00e9 r\u00e9git la mani\u00e8re dont Alastri recueille, utilise, conserve et divulgue les informations collect\u00e9es aupr\u00e8s des Utilisateurs (chacun, un \u00abutilisateur\u00bb) du Site Web http:\/\/www.alastri.com \u00a0(\u00abSite\u00bb). Cette politique de confidentialit\u00e9 s&rsquo;applique au Site et \u00e0 tous les produits et services propos\u00e9s par Alastri. &nbsp; Informations d&rsquo;identification personnelle Nous pouvons collecter [&hellip;]\" \/>\n<meta property=\"og:url\" content=\"https:\/\/www.alastri.com\/fr\/politique-de-confidentialite\/\" \/>\n<meta property=\"og:site_name\" content=\"Alastri Software\" \/>\n<meta name=\"twitter:card\" content=\"summary_large_image\" \/>\n<meta name=\"twitter:label1\" content=\"Dur\u00e9e de lecture estim\u00e9e\" \/>\n\t<meta name=\"twitter:data1\" content=\"5 minutes\" \/>\n<script type=\"application\/ld+json\" class=\"yoast-schema-graph\">{\"@context\":\"https:\/\/schema.org\",\"@graph\":[{\"@type\":\"WebPage\",\"@id\":\"https:\/\/www.alastri.com\/fr\/politique-de-confidentialite\/\",\"url\":\"https:\/\/www.alastri.com\/fr\/politique-de-confidentialite\/\",\"name\":\"Politique de Confidentialit\u00e9 - Alastri Software\",\"isPartOf\":{\"@id\":\"https:\/\/www.alastri.com\/#website\"},\"datePublished\":\"2020-10-21T02:39:54+00:00\",\"dateModified\":\"2020-10-21T02:39:54+00:00\",\"breadcrumb\":{\"@id\":\"https:\/\/www.alastri.com\/fr\/politique-de-confidentialite\/#breadcrumb\"},\"inLanguage\":\"fr-FR\",\"potentialAction\":[{\"@type\":\"ReadAction\",\"target\":[\"https:\/\/www.alastri.com\/fr\/politique-de-confidentialite\/\"]}]},{\"@type\":\"BreadcrumbList\",\"@id\":\"https:\/\/www.alastri.com\/fr\/politique-de-confidentialite\/#breadcrumb\",\"itemListElement\":[{\"@type\":\"ListItem\",\"position\":1,\"name\":\"Home\",\"item\":\"https:\/\/www.alastri.com\/fr\/\"},{\"@type\":\"ListItem\",\"position\":2,\"name\":\"Politique de Confidentialit\u00e9\"}]},{\"@type\":\"WebSite\",\"@id\":\"https:\/\/www.alastri.com\/#website\",\"url\":\"https:\/\/www.alastri.com\/\",\"name\":\"Alastri Software\",\"description\":\"Open-pit Mine Planning Software - Integrated, Intelligent, Intuitive\",\"potentialAction\":[{\"@type\":\"SearchAction\",\"target\":{\"@type\":\"EntryPoint\",\"urlTemplate\":\"https:\/\/www.alastri.com\/?s={search_term_string}\"},\"query-input\":\"required name=search_term_string\"}],\"inLanguage\":\"fr-FR\"}]}<\/script>\n<!-- \/ Yoast SEO plugin. -->","yoast_head_json":{"title":"Politique de Confidentialit\u00e9 - Alastri Software","robots":{"index":"noindex","follow":"nofollow"},"og_locale":"fr_FR","og_type":"article","og_title":"Politique de Confidentialit\u00e9 - Alastri Software","og_description":"Politique de Confidentialit\u00e9 Cette politique de confidentialit\u00e9 r\u00e9git la mani\u00e8re dont Alastri recueille, utilise, conserve et divulgue les informations collect\u00e9es aupr\u00e8s des Utilisateurs (chacun, un \u00abutilisateur\u00bb) du Site Web http:\/\/www.alastri.com \u00a0(\u00abSite\u00bb). Cette politique de confidentialit\u00e9 s&rsquo;applique au Site et \u00e0 tous les produits et services propos\u00e9s par Alastri. &nbsp; Informations d&rsquo;identification personnelle Nous pouvons collecter [&hellip;]","og_url":"https:\/\/www.alastri.com\/fr\/politique-de-confidentialite\/","og_site_name":"Alastri Software","twitter_card":"summary_large_image","twitter_misc":{"Dur\u00e9e de lecture estim\u00e9e":"5 minutes"},"schema":{"@context":"https:\/\/schema.org","@graph":[{"@type":"WebPage","@id":"https:\/\/www.alastri.com\/fr\/politique-de-confidentialite\/","url":"https:\/\/www.alastri.com\/fr\/politique-de-confidentialite\/","name":"Politique de Confidentialit\u00e9 - Alastri Software","isPartOf":{"@id":"https:\/\/www.alastri.com\/#website"},"datePublished":"2020-10-21T02:39:54+00:00","dateModified":"2020-10-21T02:39:54+00:00","breadcrumb":{"@id":"https:\/\/www.alastri.com\/fr\/politique-de-confidentialite\/#breadcrumb"},"inLanguage":"fr-FR","potentialAction":[{"@type":"ReadAction","target":["https:\/\/www.alastri.com\/fr\/politique-de-confidentialite\/"]}]},{"@type":"BreadcrumbList","@id":"https:\/\/www.alastri.com\/fr\/politique-de-confidentialite\/#breadcrumb","itemListElement":[{"@type":"ListItem","position":1,"name":"Home","item":"https:\/\/www.alastri.com\/fr\/"},{"@type":"ListItem","position":2,"name":"Politique de Confidentialit\u00e9"}]},{"@type":"WebSite","@id":"https:\/\/www.alastri.com\/#website","url":"https:\/\/www.alastri.com\/","name":"Alastri Software","description":"Open-pit Mine Planning Software - Integrated, Intelligent, Intuitive","potentialAction":[{"@type":"SearchAction","target":{"@type":"EntryPoint","urlTemplate":"https:\/\/www.alastri.com\/?s={search_term_string}"},"query-input":"required name=search_term_string"}],"inLanguage":"fr-FR"}]}},"_links":{"self":[{"href":"https:\/\/www.alastri.com\/fr\/wp-json\/wp\/v2\/pages\/5351"}],"collection":[{"href":"https:\/\/www.alastri.com\/fr\/wp-json\/wp\/v2\/pages"}],"about":[{"href":"https:\/\/www.alastri.com\/fr\/wp-json\/wp\/v2\/types\/page"}],"author":[{"embeddable":true,"href":"https:\/\/www.alastri.com\/fr\/wp-json\/wp\/v2\/users\/1"}],"replies":[{"embeddable":true,"href":"https:\/\/www.alastri.com\/fr\/wp-json\/wp\/v2\/comments?post=5351"}],"version-history":[{"count":1,"href":"https:\/\/www.alastri.com\/fr\/wp-json\/wp\/v2\/pages\/5351\/revisions"}],"predecessor-version":[{"id":5352,"href":"https:\/\/www.alastri.com\/fr\/wp-json\/wp\/v2\/pages\/5351\/revisions\/5352"}],"wp:attachment":[{"href":"https:\/\/www.alastri.com\/fr\/wp-json\/wp\/v2\/media?parent=5351"}],"curies":[{"name":"wp","href":"https:\/\/api.w.org\/{rel}","templated":true}]}}